{"id":303,"date":"2021-08-16T18:44:46","date_gmt":"2021-08-16T16:44:46","guid":{"rendered":"https:\/\/o2.cash\/?page_id=303"},"modified":"2025-10-16T12:02:55","modified_gmt":"2025-10-16T10:02:55","slug":"signup","status":"publish","type":"page","link":"https:\/\/o2.cash\/en\/signup\/","title":{"rendered":"Subscri\u00e7\u00e3o"},"content":{"rendered":"<h1 class=\"translation-block\"><span style=\"font-size: 36px\">Try for free and start to<\/span> <span style=\"font-size: 36px;color: #06f2c4\">\neasily<\/span><br> <span style=\"font-size: 36px\">anticipate your company\u00b4s cash<br> situation today!<\/span><\/h1>\n\tN\u00e3o perca esta oportunidade<br \/>\ne seja um dos primeiros a testar<br \/>\nesta aplica\u00e7\u00e3o revolucion\u00e1ria<br \/>\nde previs\u00e3o de tesouraria!\n\t<h4>Let\u00b4s get started!<\/h4>","protected":false},"excerpt":{"rendered":"<p>Experimente gratuitamente e comece hoje mesmo a prever tranquilamente\u00a0a tesouraria da sua empresa! N\u00e3o perca esta oportunidade e seja um dos primeiros a testar esta aplica\u00e7\u00e3o revolucion\u00e1ria de previs\u00e3o de tesouraria! Vamos come\u00e7ar?<\/p>","protected":false},"author":6,"featured_media":0,"parent":0,"menu_order":0,"comment_status":"closed","ping_status":"closed","template":"","meta":{"_seopress_robots_primary_cat":"","_seopress_titles_title":"","_seopress_titles_desc":"","_seopress_robots_index":"","site-sidebar-layout":"default","site-content-layout":"","ast-site-content-layout":"default","site-content-style":"default","site-sidebar-style":"default","ast-global-header-display":"","ast-banner-title-visibility":"","ast-main-header-display":"","ast-hfb-above-header-display":"","ast-hfb-below-header-display":"","ast-hfb-mobile-header-display":"","site-post-title":"disabled","ast-breadcrumbs-content":"disabled","ast-featured-img":"disabled","footer-sml-layout":"","ast-disable-related-posts":"","theme-transparent-header-meta":"default","adv-header-id-meta":"","stick-header-meta":"","header-above-stick-meta":"","header-main-stick-meta":"","header-below-stick-meta":"","astra-migrate-meta-layouts":"set","ast-page-background-enabled":"default","ast-page-background-meta":{"desktop":{"background-color":"","background-image":"","background-repeat":"repeat","background-position":"center center","background-size":"auto","background-attachment":"scroll","background-type":"","background-media":"","overlay-type":"","overlay-color":"","overlay-opacity":"","overlay-gradient":""},"tablet":{"background-color":"","background-image":"","background-repeat":"repeat","background-position":"center center","background-size":"auto","background-attachment":"scroll","background-type":"","background-media":"","overlay-type":"","overlay-color":"","overlay-opacity":"","overlay-gradient":""},"mobile":{"background-color":"","background-image":"","background-repeat":"repeat","background-position":"center center","background-size":"auto","background-attachment":"scroll","background-type":"","background-media":"","overlay-type":"","overlay-color":"","overlay-opacity":"","overlay-gradient":""}},"ast-content-background-meta":{"desktop":{"background-color":"var(--ast-global-color-5)","background-image":"","background-repeat":"repeat","background-position":"center center","background-size":"auto","background-attachment":"scroll","background-type":"","background-media":"","overlay-type":"","overlay-color":"","overlay-opacity":"","overlay-gradient":""},"tablet":{"background-color":"var(--ast-global-color-5)","background-image":"","background-repeat":"repeat","background-position":"center center","background-size":"auto","background-attachment":"scroll","background-type":"","background-media":"","overlay-type":"","overlay-color":"","overlay-opacity":"","overlay-gradient":""},"mobile":{"background-color":"var(--ast-global-color-5)","background-image":"","background-repeat":"repeat","background-position":"center center","background-size":"auto","background-attachment":"scroll","background-type":"","background-media":"","overlay-type":"","overlay-color":"","overlay-opacity":"","overlay-gradient":""}},"footnotes":""},"class_list":["post-303","page","type-page","status-publish","hentry"],"_links":{"self":[{"href":"https:\/\/o2.cash\/en\/wp-json\/wp\/v2\/pages\/303","targetHints":{"allow":["GET"]}}],"collection":[{"href":"https:\/\/o2.cash\/en\/wp-json\/wp\/v2\/pages"}],"about":[{"href":"https:\/\/o2.cash\/en\/wp-json\/wp\/v2\/types\/page"}],"author":[{"embeddable":true,"href":"https:\/\/o2.cash\/en\/wp-json\/wp\/v2\/users\/6"}],"replies":[{"embeddable":true,"href":"https:\/\/o2.cash\/en\/wp-json\/wp\/v2\/comments?post=303"}],"version-history":[{"count":1,"href":"https:\/\/o2.cash\/en\/wp-json\/wp\/v2\/pages\/303\/revisions"}],"predecessor-version":[{"id":473,"href":"https:\/\/o2.cash\/en\/wp-json\/wp\/v2\/pages\/303\/revisions\/473"}],"wp:attachment":[{"href":"https:\/\/o2.cash\/en\/wp-json\/wp\/v2\/media?parent=303"}],"curies":[{"name":"wp","href":"https:\/\/api.w.org\/{rel}","templated":true}]}}