{"id":14,"date":"2018-04-03T15:53:15","date_gmt":"2018-04-03T14:53:15","guid":{"rendered":"https:\/\/webplus.pt\/stack\/?page_id=14"},"modified":"2020-12-09T17:30:40","modified_gmt":"2020-12-09T17:30:40","slug":"termos-e-condicoes","status":"publish","type":"page","link":"https:\/\/o2.cash\/en\/termos-e-condicoes\/","title":{"rendered":"Termos e condi\u00e7\u00f5es"},"content":{"rendered":"<h4><strong>1. \u00c2mbito\u00a0geral<\/strong><\/h4>\n<p>A O2 Cash \u00e9 respons\u00e1vel por este\u00a0<em>website<\/em>. A presente pol\u00edtica de privacidade abrange este\u00a0<em>website<\/em>, assim como outros sites que mencionem a dita pol\u00edtica.<\/p>\n<p>A privacidade do Utilizador \u00e9 importante para a O2 Cash.<\/p>\n<p>A O2 Cash\u00a0compromete-se a respeitar a privacidade do Utilizador e a processar os seus dados pessoais de uma forma cuidadosa e confidencial, de acordo com as leis aplic\u00e1veis. Os dados n\u00e3o ser\u00e3o processados para quaisquer outros fins que n\u00e3o os aqui especificados.<\/p>\n<p>A O2 Cash\u00a0reserva-se o direito de atualizar ou modificar a sua Pol\u00edtica de Privacidade a qualquer momento, nomeadamente, de forma a adapt\u00e1-la a altera\u00e7\u00f5es legislativas. O Utilizador \u00e9 assim aconselhado a visitar esta p\u00e1gina regularmente.<\/p>\n<h4><strong>2. Consentimento<\/strong><\/h4>\n<p>Ao utilizar este\u00a0<em>website<\/em>, est\u00e1 a dar o seu consentimento para a recolha e utiliza\u00e7\u00e3o das informa\u00e7\u00f5es.<\/p>\n<p>A O2 Cash pode a qualquer momento modificar, adicionar ou eliminar qualquer uma das pol\u00edticas de privacidade do seu\u00a0<em>website\u00a0<\/em>(<a href=\"https:\/\/o2.cash\/en\/\">o2.cash<\/a>) atrav\u00e9s da atualiza\u00e7\u00e3o do conte\u00fado desta p\u00e1gina.<\/p>\n<h4><strong>3. Que tipo de dados s\u00e3o recolhidos pela O2 Cash?<\/strong><\/h4>\n<p>A O2 Cash \u00a0recolhe dados sobre as empresas que s\u00e3o suas clientes, e respetivos colaboradores, nomeadamente nome,\u00a0<em>email<\/em>, cargo, e telefone.<\/p>\n<h4><strong>4. Para que fins recolhe a O2 Cash dados pessoais do Utilizador?<\/strong><\/h4>\n<p>Os dados recolhidos no\u00a0<em>website\u00a0<\/em>destinam-se ao processamento das encomendas e comunica\u00e7\u00e3o com os Clientes, processamento de pedidos de informa\u00e7\u00e3o, an\u00e1lise estat\u00edstica, bem como a respetiva utiliza\u00e7\u00e3o para efeitos de marketing direto.<\/p>\n<h4><strong>5. A O2 Cash utiliza os dados pessoais para Marketing Direto?<\/strong><\/h4>\n<p>A O2 Cash poder\u00e1 utilizar os seus dados pessoais para lhe enviar qualquer correio n\u00e3o solicitado relacionado com produtos ou ofertas comerciais que possam ser do seu interesse. A O2 Cash n\u00e3o vende nem negocia os seus dados.<\/p>\n<p>O cliente autoriza expressamente a O2 Cash a enviar informa\u00e7\u00e3o sobre produtos e servi\u00e7os que possam ser do seu interesse utilizando os seus dados pessoais para efeitos de marketing direto atrav\u00e9s de qualquer canal de comunica\u00e7\u00e3o, nomeadamente mediante a utiliza\u00e7\u00e3o de correio eletr\u00f3nico, telefone, SMS, MMS ou outras formas de chamada autom\u00e1tica. A O2 Cash n\u00e3o comercializar\u00e1 nem partilhar\u00e1 a sua base de dados de clientes com terceiros.<\/p>\n<h4><strong>6. Quem tem acesso aos dados pessoais do Utilizador?<\/strong><\/h4>\n<p>A O2 Cash n\u00e3o divulga a terceiros quaisquer dados pessoais dos seus Clientes e Utilizadores, sem o seu consentimento, exceto (1) quando se tratam de empresas do Grupo 2IBI , ou (2) quando tal seja necess\u00e1rio para que os colaboradores, funcion\u00e1rios, fornecedores ou parceiros comerciais da O2 Cash \u00a0possam fornecer um produto ou servi\u00e7o ou executar uma fun\u00e7\u00e3o em nome da O2 Cash, ou (3) quando tal for exigido ou permitido por lei.<\/p>\n<p>A O2 Cash\u00a0adotar\u00e1 as precau\u00e7\u00f5es razo\u00e1veis para garantir que os seus funcion\u00e1rios ou colaboradores com acesso a dados pessoais recebam forma\u00e7\u00e3o adequada ao seu correto processamento, com respeito pela presente pol\u00edtica e pelas obriga\u00e7\u00f5es legais de prote\u00e7\u00e3o de dados. No caso de incumprimento, a 2iBi aplicar\u00e1 san\u00e7\u00f5es disciplinares aos seus funcion\u00e1rios e colaboradores.<\/p>\n<p>Sempre que a O2 Cash divulgar os dados pessoais do Utilizador salvaguardar\u00e1 o cumprimento da Lei da Prote\u00e7\u00e3o de Dados Pessoais, nomeadamente atrav\u00e9s da previs\u00e3o de disposi\u00e7\u00f5es contratuais que garantam que o terceiro utiliza os dados recebidos somente para as finalidades especificadas, e em conformidade com os fins descritos nesta pol\u00edtica, e que faz uso de meios de seguran\u00e7a adequados, de forma a proteger os dados pessoais do Utilizador contra tratamentos ilegais ou n\u00e3o autorizados bem como contra a sua perda acidental, destrui\u00e7\u00e3o ou outras a\u00e7\u00f5es danosas.<\/p>\n<h4><strong>7. Onde s\u00e3o guardados os dados do Utilizador?<\/strong><\/h4>\n<p>A O2 Cash guarda os dados dos seus clientes e Utilizadores nos seus servidores. Estes servidores s\u00e3o protegidos e mantidos de acordo com standards elevados de seguran\u00e7a e por forma a respeitar as leis de privacidade aplic\u00e1veis.<\/p>\n<h4><strong>8. Os dados do Utilizador est\u00e3o seguros com a O2 Cash?<\/strong><\/h4>\n<p>A O2 Cash tomou as medidas t\u00e9cnicas e organizacionais necess\u00e1rias para proteger, de forma adequada, os seus dados relativamente a processamento e acesso n\u00e3o autorizado.<\/p>\n<p>A O2 Cash desenvolve todos os esfor\u00e7os razo\u00e1veis adequados para evitar a utiliza\u00e7\u00e3o n\u00e3o autorizada ou ilegal dos dados pessoais do Utilizador, bem como a sua perda, destrui\u00e7\u00e3o, ou danifica\u00e7\u00e3o. No entanto, a O2 Cash n\u00e3o pode fornecer uma garantia absoluta relativamente aos dados do Utilizador.<\/p>\n<p>A O2 Cash\u00a0protege a seguran\u00e7a dos dados pessoais do Utilizador atrav\u00e9s dos seguintes meios: (1) uso de encripta\u00e7\u00e3o com certificado em todas as comunica\u00e7\u00f5es do\u00a0<em>website<\/em>, (2) uso de\u00a0<em>password\u00a0<\/em>para acesso ao\u00a0website; e (3) limita\u00e7\u00e3o do acesso aos dados pessoais (por exemplo, acesso s\u00f3 aos funcion\u00e1rios ou trabalhadores da O2 Cash que necessitem de lhes aceder para os fins acima descritos).<\/p>\n<p>A O2 Cash solicita a colabora\u00e7\u00e3o do Utilizador para manter a seguran\u00e7a dos dados pessoais, recomendando-lhe que: (1) n\u00e3o use um\u00a0<em>login\u00a0<\/em>e\u00a0password\u00a0que sejam f\u00e1ceis de adivinhar; (2) altere a\u00a0<em>password\u00a0<\/em>regularmente; e (3) n\u00e3o divulgue a\u00a0<em>password d<\/em>a qualquer outra pessoa.<\/p>\n<h4><strong>9. E quando h\u00e1 links no website?<\/strong><\/h4>\n<p>O\u00a0<em>website\u00a0<\/em>da O2 Cash pode conter\u00a0<em>links\u00a0<\/em>para outros\u00a0<em>websites\u00a0<\/em>e endere\u00e7os de\u00a0<em>e-mail\u00a0<\/em>de empresas n\u00e3o pertencentes \u00e0 O2 Cash. A presente pol\u00edtica de Privacidade n\u00e3o se aplica a esses\u00a0<em>websites\u00a0<\/em>e endere\u00e7os de\u00a0<em>e-mail<\/em>.<\/p>\n<p>Se utilizar um\u00a0<em>link\u00a0<\/em>dispon\u00edvel neste\u00a0website\u00a0para outro\u00a0<em>website\u00a0<\/em>e fornecer dados pessoais nesse\u00a0<em>site<\/em>, o processamento dos dados estar\u00e1 sujeito \u00e0 declara\u00e7\u00e3o de privacidade desse\u00a0<em>website<\/em>.<\/p>\n<h4><strong>10. O2 Cash utiliza cookies no Website?<\/strong><\/h4>\n<p>O\u00a0<em>website\u00a0<\/em>da O2 Cash utiliza\u00a0cookies\u00a0em determinadas \u00e1reas.<\/p>\n<p>Os\u00a0<em>cookies\u00a0<\/em>s\u00e3o ficheiros que armazenam informa\u00e7\u00f5es no disco r\u00edgido ou\u00a0<em>browser\u00a0<\/em>do Utilizador, permitindo que os\u00a0<em>websites\u00a0<\/em>o reconhe\u00e7am e saibam que j\u00e1 os visitou anteriormente.<\/p>\n<p>O Utilizador pode configurar o seu\u00a0<em>browser\u00a0<\/em>para recusar os\u00a0<em>cookies<\/em>, por\u00e9m nesse caso, o\u00a0<em>website\u00a0<\/em>ou partes do mesmo podem n\u00e3o funcionar corretamente.<\/p>\n<p>Os\u00a0<em>cookies\u00a0<\/em>s\u00e3o utilizados para monitorizar e analisar a utiliza\u00e7\u00e3o do\u00a0<em>website<\/em>, permitindo \u00e0 O2 Cash\u00a0identificar e servir melhor o Utilizador.<\/p>\n<p>A O2 Cash n\u00e3o partilha\u00a0<em>cookies\u00a0<\/em>com terceiros, incluindo fornecedores externos de dados ou\u00a0<em>websites<\/em>.<\/p>\n<h4><strong>11. Quais os direitos do Utilizador no que respeita aos dados?<\/strong><\/h4>\n<p>De acordo com Lei da Prote\u00e7\u00e3o de Dados Pessoais, o Utilizador tem direito a obter informa\u00e7\u00f5es sobre os seus dados pessoais. Tem o direito de saber que dados pessoais foram processados pela O2 Cash, podendo tamb\u00e9m requerer \u00e0 O2 Cash para corrigir, complementar, bloquear ou eliminar os dados total ou parcialmente no caso de se revelarem incompletos, incorretos ou irrelevantes para efeitos de processamento.<\/p>\n<p>A atualiza\u00e7\u00e3o de dados dever\u00e1 ser efetuada pelo pr\u00f3prio cliente no\u00a0<em>website<\/em>, na sec\u00e7\u00e3o especificamente disponibilizada para o efeito.<\/p>","protected":false},"excerpt":{"rendered":"<p>1. \u00c2mbito\u00a0geral A O2 Cash \u00e9 respons\u00e1vel por este\u00a0website. A presente pol\u00edtica de privacidade abrange este\u00a0website, assim como outros sites que mencionem a dita pol\u00edtica. A privacidade do Utilizador \u00e9 importante para a O2 Cash. A O2 Cash\u00a0compromete-se a respeitar a privacidade do Utilizador e a processar os seus dados pessoais de uma forma cuidadosa [&hellip;]<\/p>\n","protected":false},"author":1,"featured_media":0,"parent":0,"menu_order":0,"comment_status":"closed","ping_status":"closed","template":"","meta":{"_seopress_robots_primary_cat":"","_seopress_titles_title":"","_seopress_titles_desc":"","_seopress_robots_index":"","site-sidebar-layout":"no-sidebar","site-content-layout":"boxed-container","ast-site-content-layout":"default","site-content-style":"default","site-sidebar-style":"default","ast-global-header-display":"","ast-banner-title-visibility":"","ast-main-header-display":"disabled","ast-hfb-above-header-display":"","ast-hfb-below-header-display":"","ast-hfb-mobile-header-display":"","site-post-title":"disabled","ast-breadcrumbs-content":"disabled","ast-featured-img":"disabled","footer-sml-layout":"disabled","ast-disable-related-posts":"","theme-transparent-header-meta":"disabled","adv-header-id-meta":"","stick-header-meta":"default","header-above-stick-meta":"","header-main-stick-meta":"","header-below-stick-meta":"","astra-migrate-meta-layouts":"default","ast-page-background-enabled":"default","ast-page-background-meta":{"desktop":{"background-color":"","background-image":"","background-repeat":"repeat","background-position":"center center","background-size":"auto","background-attachment":"scroll","background-type":"","background-media":"","overlay-type":"","overlay-color":"","overlay-opacity":"","overlay-gradient":""},"tablet":{"background-color":"","background-image":"","background-repeat":"repeat","background-position":"center center","background-size":"auto","background-attachment":"scroll","background-type":"","background-media":"","overlay-type":"","overlay-color":"","overlay-opacity":"","overlay-gradient":""},"mobile":{"background-color":"","background-image":"","background-repeat":"repeat","background-position":"center center","background-size":"auto","background-attachment":"scroll","background-type":"","background-media":"","overlay-type":"","overlay-color":"","overlay-opacity":"","overlay-gradient":""}},"ast-content-background-meta":{"desktop":{"background-color":"var(--ast-global-color-5)","background-image":"","background-repeat":"repeat","background-position":"center center","background-size":"auto","background-attachment":"scroll","background-type":"","background-media":"","overlay-type":"","overlay-color":"","overlay-opacity":"","overlay-gradient":""},"tablet":{"background-color":"var(--ast-global-color-5)","background-image":"","background-repeat":"repeat","background-position":"center center","background-size":"auto","background-attachment":"scroll","background-type":"","background-media":"","overlay-type":"","overlay-color":"","overlay-opacity":"","overlay-gradient":""},"mobile":{"background-color":"var(--ast-global-color-5)","background-image":"","background-repeat":"repeat","background-position":"center center","background-size":"auto","background-attachment":"scroll","background-type":"","background-media":"","overlay-type":"","overlay-color":"","overlay-opacity":"","overlay-gradient":""}},"footnotes":""},"class_list":["post-14","page","type-page","status-publish","hentry"],"_links":{"self":[{"href":"https:\/\/o2.cash\/en\/wp-json\/wp\/v2\/pages\/14","targetHints":{"allow":["GET"]}}],"collection":[{"href":"https:\/\/o2.cash\/en\/wp-json\/wp\/v2\/pages"}],"about":[{"href":"https:\/\/o2.cash\/en\/wp-json\/wp\/v2\/types\/page"}],"author":[{"embeddable":true,"href":"https:\/\/o2.cash\/en\/wp-json\/wp\/v2\/users\/1"}],"replies":[{"embeddable":true,"href":"https:\/\/o2.cash\/en\/wp-json\/wp\/v2\/comments?post=14"}],"version-history":[{"count":0,"href":"https:\/\/o2.cash\/en\/wp-json\/wp\/v2\/pages\/14\/revisions"}],"wp:attachment":[{"href":"https:\/\/o2.cash\/en\/wp-json\/wp\/v2\/media?parent=14"}],"curies":[{"name":"wp","href":"https:\/\/api.w.org\/{rel}","templated":true}]}}